{"id":65,"date":"2024-06-08T21:20:01","date_gmt":"2024-06-09T01:20:01","guid":{"rendered":"http:\/\/impactredaction.ca\/?page_id=65"},"modified":"2024-10-15T20:43:07","modified_gmt":"2024-10-16T00:43:07","slug":"impact-redaction","status":"publish","type":"page","link":"https:\/\/impactredaction.ca\/","title":{"rendered":"IMPACT R\u00c9DACTION"},"content":{"rendered":"\n<div class=\"wp-block-cover alignfull is-light\" style=\"min-height:840px;aspect-ratio:unset;\"><span aria-hidden=\"true\" class=\"wp-block-cover__background has-background-dim-0 has-background-dim\" style=\"background-color:#FFF\"><\/span><img data-recalc-dims=\"1\" loading=\"lazy\" decoding=\"async\" width=\"750\" height=\"420\" data-attachment-id=\"80\" data-permalink=\"https:\/\/impactredaction.ca\/?attachment_id=80\" data-orig-file=\"https:\/\/i0.wp.com\/impactredaction.ca\/wp-content\/uploads\/2024\/06\/3d-rendering-laptop-nature-3.jpg?fit=5824%2C3264&amp;ssl=1\" data-orig-size=\"5824,3264\" data-comments-opened=\"0\" data-image-meta=\"{&quot;aperture&quot;:&quot;0&quot;,&quot;credit&quot;:&quot;&quot;,&quot;camera&quot;:&quot;&quot;,&quot;caption&quot;:&quot;&quot;,&quot;created_timestamp&quot;:&quot;0&quot;,&quot;copyright&quot;:&quot;&quot;,&quot;focal_length&quot;:&quot;0&quot;,&quot;iso&quot;:&quot;0&quot;,&quot;shutter_speed&quot;:&quot;0&quot;,&quot;title&quot;:&quot;&quot;,&quot;orientation&quot;:&quot;1&quot;}\" data-image-title=\"3d-rendering-laptop-nature-3\" data-image-description=\"&lt;p&gt;photo ordinateur avec paysage montagneux&lt;\/p&gt;\n\" data-image-caption=\"\" data-large-file=\"https:\/\/i0.wp.com\/impactredaction.ca\/wp-content\/uploads\/2024\/06\/3d-rendering-laptop-nature-3.jpg?fit=750%2C420&amp;ssl=1\" class=\"wp-block-cover__image-background wp-image-80\" alt=\"\" src=\"https:\/\/i0.wp.com\/impactredaction.ca\/wp-content\/uploads\/2024\/06\/3d-rendering-laptop-nature-3.jpg?resize=750%2C420&#038;ssl=1\" data-object-fit=\"cover\"\/><div class=\"wp-block-cover__inner-container is-layout-flow wp-block-cover-is-layout-flow\">\n<p class=\"wp-block-paragraph\"><\/p>\n<\/div><\/div>\n\n\n\n<h1 class=\"wp-block-heading has-text-align-center\" id=\"Services\">Parce que vos textes m\u00e9ritent d&rsquo;\u00eatre lus.<\/h1>\n\n\n\n<p class=\"has-text-align-center wp-block-paragraph\">Dans un monde inond\u00e9 d&rsquo;information, plusieurs organisations voient leur contenu passer inaper\u00e7u.<\/p>\n\n\n\n<p class=\"has-text-align-center wp-block-paragraph\">Mon engagement: cr\u00e9er des textes concis et percutants, r\u00e9dig\u00e9s pour attirer l&rsquo;attention de vos clients actuels et \u00e9ventuels.<\/p>\n\n\n\n<hr class=\"wp-block-separator has-alpha-channel-opacity\"\/>\n\n\n\n<div class=\"wp-block-columns alignwide is-layout-flex wp-container-core-columns-is-layout-7387b849 wp-block-columns-is-layout-flex\">\n<div class=\"wp-block-column is-layout-flow wp-block-column-is-layout-flow\">\n<h4 class=\"wp-block-heading has-text-align-center\">Rapports d&rsquo;activit\u00e9s \/ annuels<\/h4>\n\n\n\n<figure class=\"wp-block-image size-large\"><img data-recalc-dims=\"1\" loading=\"lazy\" decoding=\"async\" width=\"750\" height=\"750\" data-attachment-id=\"89\" data-permalink=\"https:\/\/impactredaction.ca\/?attachment_id=89\" data-orig-file=\"https:\/\/i0.wp.com\/impactredaction.ca\/wp-content\/uploads\/2024\/06\/alexander-grey-tn57ji3cewi-unsplash-edited.jpg?fit=3744%2C3746&amp;ssl=1\" data-orig-size=\"3744,3746\" data-comments-opened=\"0\" data-image-meta=\"{&quot;aperture&quot;:&quot;0&quot;,&quot;credit&quot;:&quot;&quot;,&quot;camera&quot;:&quot;&quot;,&quot;caption&quot;:&quot;&quot;,&quot;created_timestamp&quot;:&quot;0&quot;,&quot;copyright&quot;:&quot;&quot;,&quot;focal_length&quot;:&quot;0&quot;,&quot;iso&quot;:&quot;0&quot;,&quot;shutter_speed&quot;:&quot;0&quot;,&quot;title&quot;:&quot;&quot;,&quot;orientation&quot;:&quot;0&quot;}\" data-image-title=\"alexander-grey-tn57ji3cewi-unsplash\" data-image-description=\"\" data-image-caption=\"\" data-large-file=\"https:\/\/i0.wp.com\/impactredaction.ca\/wp-content\/uploads\/2024\/06\/alexander-grey-tn57ji3cewi-unsplash-edited.jpg?fit=750%2C750&amp;ssl=1\" src=\"https:\/\/i0.wp.com\/impactredaction.ca\/wp-content\/uploads\/2024\/06\/alexander-grey-tn57ji3cewi-unsplash-edited.jpg?resize=750%2C750&#038;ssl=1\" alt=\"\" class=\"wp-image-89\"\/><\/figure>\n\n\n\n<hr class=\"wp-block-separator has-alpha-channel-opacity\"\/>\n\n\n\n<p class=\"wp-block-paragraph\">La r\u00e9daction du <strong>rapport annuel<\/strong> repr\u00e9sente pour plusieurs une v\u00e9ritable corv\u00e9e.<\/p>\n\n\n\n<p class=\"wp-block-paragraph\">Communiquer vos r\u00e9alisations, vos d\u00e9fis et vos aspirations est pourtant d&rsquo;une importance capitale pour vos partenaires, clients et employ\u00e9s.<\/p>\n\n\n\n<p class=\"wp-block-paragraph\">Je suis l\u00e0 pour vous aider.<\/p>\n\n\n\n<hr class=\"wp-block-separator has-alpha-channel-opacity\"\/>\n\n\n\n<p class=\"wp-block-paragraph\">Planification \/ collecte d&rsquo;informations \/  r\u00e9daction<\/p>\n<\/div>\n\n\n\n<div class=\"wp-block-column is-layout-flow wp-block-column-is-layout-flow\">\n<h4 class=\"wp-block-heading has-text-align-center\">Blogue \/ portraits \/ infolettres<\/h4>\n\n\n\n<figure class=\"wp-block-image size-large is-resized\"><img data-recalc-dims=\"1\" loading=\"lazy\" decoding=\"async\" width=\"750\" height=\"751\" data-attachment-id=\"91\" data-permalink=\"https:\/\/impactredaction.ca\/?attachment_id=91\" data-orig-file=\"https:\/\/i0.wp.com\/impactredaction.ca\/wp-content\/uploads\/2024\/06\/maranda-vandergriff-7aakzdil4vg-unsplash-edited.jpg?fit=3995%2C4000&amp;ssl=1\" data-orig-size=\"3995,4000\" data-comments-opened=\"0\" data-image-meta=\"{&quot;aperture&quot;:&quot;0&quot;,&quot;credit&quot;:&quot;&quot;,&quot;camera&quot;:&quot;&quot;,&quot;caption&quot;:&quot;&quot;,&quot;created_timestamp&quot;:&quot;0&quot;,&quot;copyright&quot;:&quot;&quot;,&quot;focal_length&quot;:&quot;0&quot;,&quot;iso&quot;:&quot;0&quot;,&quot;shutter_speed&quot;:&quot;0&quot;,&quot;title&quot;:&quot;&quot;,&quot;orientation&quot;:&quot;0&quot;}\" data-image-title=\"maranda-vandergriff-7aakzdil4vg-unsplash\" data-image-description=\"\" data-image-caption=\"\" data-large-file=\"https:\/\/i0.wp.com\/impactredaction.ca\/wp-content\/uploads\/2024\/06\/maranda-vandergriff-7aakzdil4vg-unsplash-edited.jpg?fit=750%2C751&amp;ssl=1\" src=\"https:\/\/i0.wp.com\/impactredaction.ca\/wp-content\/uploads\/2024\/06\/maranda-vandergriff-7aakzdil4vg-unsplash-edited.jpg?resize=750%2C751&#038;ssl=1\" alt=\"\" class=\"wp-image-91\" style=\"width:325px;height:auto\"\/><\/figure>\n\n\n\n<hr class=\"wp-block-separator has-alpha-channel-opacity\"\/>\n\n\n\n<p class=\"wp-block-paragraph\">Vous voulez interagir avec vos clients? Transmettre <strong>vos valeurs, votre ADN<\/strong>?<\/p>\n\n\n\n<p class=\"wp-block-paragraph\">Rien de tel que le storytelling pour capter l&rsquo;attention.<\/p>\n\n\n\n<p class=\"wp-block-paragraph\">Portraits inspirants, articles de blogue, dossiers sp\u00e9cialis\u00e9s. <\/p>\n\n\n\n<p class=\"wp-block-paragraph\">Je m&rsquo;en occupe.<\/p>\n\n\n\n<hr class=\"wp-block-separator has-alpha-channel-opacity\"\/>\n\n\n\n<p class=\"wp-block-paragraph\">Planification \/ entrevues \/ calendrier de publication \/ r\u00e9daction par bloc ou \u00e0 la pi\u00e8ce<\/p>\n<\/div>\n\n\n\n<div class=\"wp-block-column is-layout-flow wp-block-column-is-layout-flow\">\n<h4 class=\"wp-block-heading has-text-align-center\">R\u00e9daction web<\/h4>\n\n\n\n<figure class=\"wp-block-image size-large\"><img data-recalc-dims=\"1\" loading=\"lazy\" decoding=\"async\" width=\"750\" height=\"751\" data-attachment-id=\"93\" data-permalink=\"https:\/\/impactredaction.ca\/?attachment_id=93\" data-orig-file=\"https:\/\/i0.wp.com\/impactredaction.ca\/wp-content\/uploads\/2024\/06\/domenico-loia-hgv2tfoh0ns-unsplash-edited.jpg?fit=3895%2C3899&amp;ssl=1\" data-orig-size=\"3895,3899\" data-comments-opened=\"0\" data-image-meta=\"{&quot;aperture&quot;:&quot;0&quot;,&quot;credit&quot;:&quot;&quot;,&quot;camera&quot;:&quot;&quot;,&quot;caption&quot;:&quot;&quot;,&quot;created_timestamp&quot;:&quot;0&quot;,&quot;copyright&quot;:&quot;&quot;,&quot;focal_length&quot;:&quot;0&quot;,&quot;iso&quot;:&quot;0&quot;,&quot;shutter_speed&quot;:&quot;0&quot;,&quot;title&quot;:&quot;&quot;,&quot;orientation&quot;:&quot;0&quot;}\" data-image-title=\"domenico-loia-hgv2tfoh0ns-unsplash\" data-image-description=\"\" data-image-caption=\"\" data-large-file=\"https:\/\/i0.wp.com\/impactredaction.ca\/wp-content\/uploads\/2024\/06\/domenico-loia-hgv2tfoh0ns-unsplash-edited.jpg?fit=750%2C751&amp;ssl=1\" src=\"https:\/\/i0.wp.com\/impactredaction.ca\/wp-content\/uploads\/2024\/06\/domenico-loia-hgv2tfoh0ns-unsplash-edited.jpg?resize=750%2C751&#038;ssl=1\" alt=\"\" class=\"wp-image-93\"\/><\/figure>\n\n\n\n<hr class=\"wp-block-separator has-alpha-channel-opacity\"\/>\n\n\n\n<p class=\"wp-block-paragraph\">Vous songez \u00e0 lancer un <strong>site web<\/strong>? Votre site actuel b\u00e9n\u00e9fierait d&rsquo;un vent de fraicheur?<\/p>\n\n\n\n<p class=\"wp-block-paragraph\">Que ce soit pour une mise \u00e0 jour ou une refonte, une bonne planification est cruciale pour maximiser l&rsquo;engagement de vos utilisateurs.<\/p>\n\n\n\n<p class=\"wp-block-paragraph\">Je peux vous assister.<\/p>\n\n\n\n<hr class=\"wp-block-separator has-alpha-channel-opacity\"\/>\n\n\n\n<p class=\"wp-block-paragraph\">Planification \/ travail conjoint avec concepteurs web et graphique au besoin \/ r\u00e9daction<\/p>\n<\/div>\n<\/div>\n\n\n\n<div class=\"wp-block-group\"><div class=\"wp-block-group__inner-container is-layout-constrained wp-block-group-is-layout-constrained\">\n<hr class=\"wp-block-separator has-alpha-channel-opacity is-style-wide\"\/>\n<\/div><\/div>\n\n\n\n<hr class=\"wp-block-separator has-alpha-channel-opacity\"\/>\n\n\n\n<div class=\"wp-block-group alignfull is-content-justification-center\" style=\"margin-top:0;margin-bottom:0;padding-top:calc( 0.5 * var(--wp--style--root--padding-right, var(--wp--custom--gap--horizontal)));padding-right:var(--wp--style--root--padding-right, var(--wp--custom--gap--horizontal));padding-bottom:calc( 0.5 * var(--wp--style--root--padding-right, var(--wp--custom--gap--horizontal)));padding-left:var(--wp--style--root--padding-left, var(--wp--custom--gap--horizontal))\"><div class=\"wp-block-group__inner-container is-layout-constrained wp-container-core-group-is-layout-81aa85af wp-block-group-is-layout-constrained\">\n<div style=\"height:calc( 0.25 * var(--wp--style--root--padding-right, var(--wp--custom--gap--horizontal)))\" aria-hidden=\"true\" class=\"wp-block-spacer\"><\/div>\n\n\n\n<div class=\"wp-block-group alignwide\"><div class=\"wp-block-group__inner-container is-layout-constrained wp-block-group-is-layout-constrained\"><nav class=\"items-justified-center wp-block-navigation is-content-justification-center is-layout-flex wp-container-core-navigation-is-layout-3e41869c wp-block-navigation-is-layout-flex\" aria-label=\"Navigation\"><ul class=\"wp-block-navigation__container items-justified-center wp-block-navigation\"><li class=\" wp-block-navigation-item wp-block-navigation-link\"><a class=\"wp-block-navigation-item__content\"  href=\"https:\/\/impactredaction.ca\/\"><span class=\"wp-block-navigation-item__label\">IMPACT R\u00c9DACTION<\/span><\/a><\/li><li class=\" wp-block-navigation-item wp-block-navigation-link\"><a class=\"wp-block-navigation-item__content\"  href=\"https:\/\/impactredaction.ca\/about\/\"><span class=\"wp-block-navigation-item__label\">MA BIO<\/span><\/a><\/li><li class=\" wp-block-navigation-item wp-block-navigation-link\"><a class=\"wp-block-navigation-item__content\"  href=\"https:\/\/impactredaction.ca\/contact\/\"><span class=\"wp-block-navigation-item__label\">Contact<\/span><\/a><\/li><\/ul><\/nav>\n\n\n<ul class=\"wp-block-social-links has-normal-icon-size is-style-logos-only is-content-justification-center is-nowrap is-layout-flex wp-container-core-social-links-is-layout-cf323065 wp-block-social-links-is-layout-flex\"><li class=\"wp-social-link wp-social-link-linkedin  wp-block-social-link\"><a href=\"https:\/\/www.linkedin.com\/in\/natacha-dufresne-cpa-41763024\/\" class=\"wp-block-social-link-anchor\"><svg width=\"24\" height=\"24\" viewBox=\"0 0 24 24\" version=\"1.1\" xmlns=\"http:\/\/www.w3.org\/2000\/svg\" aria-hidden=\"true\" focusable=\"false\"><path d=\"M19.7,3H4.3C3.582,3,3,3.582,3,4.3v15.4C3,20.418,3.582,21,4.3,21h15.4c0.718,0,1.3-0.582,1.3-1.3V4.3 C21,3.582,20.418,3,19.7,3z M8.339,18.338H5.667v-8.59h2.672V18.338z M7.004,8.574c-0.857,0-1.549-0.694-1.549-1.548 c0-0.855,0.691-1.548,1.549-1.548c0.854,0,1.547,0.694,1.547,1.548C8.551,7.881,7.858,8.574,7.004,8.574z M18.339,18.338h-2.669 v-4.177c0-0.996-0.017-2.278-1.387-2.278c-1.389,0-1.601,1.086-1.601,2.206v4.249h-2.667v-8.59h2.559v1.174h0.037 c0.356-0.675,1.227-1.387,2.526-1.387c2.703,0,3.203,1.779,3.203,4.092V18.338z\"><\/path><\/svg><span class=\"wp-block-social-link-label screen-reader-text\">LinkedIn<\/span><\/a><\/li><\/ul>\n\n\n\n<div style=\"height:15px\" aria-hidden=\"true\" class=\"wp-block-spacer\"><\/div>\n\n\n\n<p class=\"has-text-align-center has-small-font-size wp-block-paragraph\">Designed with <a href=\"https:\/\/wordpress.com\" rel=\"nofollow\">WordPress<\/a><\/p>\n<\/div><\/div>\n\n\n\n<div style=\"height:calc( 0.25 * var(--wp--style--root--padding-right, var(--wp--custom--gap--horizontal)))\" aria-hidden=\"true\" class=\"wp-block-spacer\"><\/div>\n<\/div><\/div>\n","protected":false},"excerpt":{"rendered":"<p>Parce que vos textes m\u00e9ritent d&rsquo;\u00eatre lus. Dans un monde inond\u00e9 d&rsquo;information, plusieurs organisations voient leur contenu passer inaper\u00e7u. Mon engagement: cr\u00e9er des textes concis et percutants, r\u00e9dig\u00e9s pour attirer l&rsquo;attention de vos clients actuels et \u00e9ventuels. Rapports d&rsquo;activit\u00e9s \/ annuels La r\u00e9daction du rapport annuel repr\u00e9sente pour plusieurs une v\u00e9ritable corv\u00e9e. Communiquer vos r\u00e9alisations,<a class=\"more-link\" href=\"https:\/\/impactredaction.ca\/\">Lire la suite <span class=\"screen-reader-text\">\u00ab\u00a0IMPACT R\u00c9DACTION\u00a0\u00bb<\/span><\/a><\/p>\n","protected":false},"author":193638386,"featured_media":80,"parent":0,"menu_order":0,"comment_status":"closed","ping_status":"closed","template":"","meta":{"_seopress_robots_primary_cat":"","_seopress_titles_title":"","_seopress_titles_desc":"","_seopress_robots_index":"","_seopress_analysis_target_kw":"","_crdt_document":"","footnotes":""},"class_list":["post-65","page","type-page","status-publish","has-post-thumbnail","hentry","entry"],"jetpack_likes_enabled":true,"jetpack_sharing_enabled":true,"jetpack_shortlink":"https:\/\/wp.me\/PfPIVX-13","_links":{"self":[{"href":"https:\/\/impactredaction.ca\/index.php?rest_route=\/wp\/v2\/pages\/65","targetHints":{"allow":["GET"]}}],"collection":[{"href":"https:\/\/impactredaction.ca\/index.php?rest_route=\/wp\/v2\/pages"}],"about":[{"href":"https:\/\/impactredaction.ca\/index.php?rest_route=\/wp\/v2\/types\/page"}],"author":[{"embeddable":true,"href":"https:\/\/impactredaction.ca\/index.php?rest_route=\/wp\/v2\/users\/193638386"}],"replies":[{"embeddable":true,"href":"https:\/\/impactredaction.ca\/index.php?rest_route=%2Fwp%2Fv2%2Fcomments&post=65"}],"version-history":[{"count":17,"href":"https:\/\/impactredaction.ca\/index.php?rest_route=\/wp\/v2\/pages\/65\/revisions"}],"predecessor-version":[{"id":153,"href":"https:\/\/impactredaction.ca\/index.php?rest_route=\/wp\/v2\/pages\/65\/revisions\/153"}],"wp:featuredmedia":[{"embeddable":true,"href":"https:\/\/impactredaction.ca\/index.php?rest_route=\/wp\/v2\/media\/80"}],"wp:attachment":[{"href":"https:\/\/impactredaction.ca\/index.php?rest_route=%2Fwp%2Fv2%2Fmedia&parent=65"}],"curies":[{"name":"wp","href":"https:\/\/api.w.org\/{rel}","templated":true}]}}